{"id":18007,"date":"2026-05-06T19:34:23","date_gmt":"2026-05-06T17:34:23","guid":{"rendered":"https:\/\/teosmusic.net\/?page_id=18007"},"modified":"2026-05-06T20:01:40","modified_gmt":"2026-05-06T18:01:40","slug":"faconner-mon-son","status":"publish","type":"page","link":"https:\/\/teosmusic.net\/en\/faconner-mon-son\/","title":{"rendered":"Shaping my sound"},"content":{"rendered":"<section class=\"wp-block-greenshift-blocks-row alignfull gspb_row gspb_row-id-gsbp-48e394c\" id=\"gspb_row-id-gsbp-48e394c\"><div class=\"gspb_row__content\"> \n<div class=\"wp-block-greenshift-blocks-row-column gspb_row__col--12 gspb_col-id-gsbp-0eae176\" id=\"gspb_col-id-gsbp-0eae176\">\n<h1 id=\"gspb_heading-id-gsbp-f86c447\" class=\"gspb_heading gspb_heading-id-gsbp-f86c447\">Shaping my sound<\/h1>\n\n\n\n<div id=\"gspb_text-id-gsbp-08e482b\" class=\"gspb_text gspb_text-id-gsbp-08e482b\">Tu veux agir sur la structure de ton signal plut\u00f4t que simplement ajouter du gain : niveau, pr\u00e9sence, \u00e9quilibre des m\u00e9diums ou placement dans le mix.<br>Cette s\u00e9lection rassemble les outils Teos Music pens\u00e9s pour fa\u00e7onner le son avec pr\u00e9cision : pousser le signal sans coloration, corriger certaines fr\u00e9quences, mettre un solo en avant ou adapter ton pedalboard \u00e0 ton ampli et au contexte de jeu.<\/div>\n<\/div>\n <\/div><\/section>\n\n\n\n<section class=\"wp-block-greenshift-blocks-row alignfull gspb_row gspb_row-id-gsbp-ca34f6a\" id=\"gspb_row-id-gsbp-ca34f6a\"><div class=\"gspb_row__content\"> \n<div class=\"wp-block-greenshift-blocks-row-column gspb_row__col--12 gspb_col-id-gsbp-cba5392\" id=\"gspb_col-id-gsbp-cba5392\">\n<h3 id=\"gspb_heading-id-gsbp-f59bb63\" class=\"gspb_heading gspb_heading-id-gsbp-f59bb63\">Besoin d\u2019aide pour choisir ?<\/h3>\n\n\n\n<div id=\"gspb_text-id-gsbp-fca45a1\" class=\"gspb_text gspb_text-id-gsbp-fca45a1\">Si tu h\u00e9sites entre un boost transparent et un \u00e9galiseur plus pr\u00e9cis, le guide complet explique la diff\u00e9rence entre monter le niveau global, sculpter les m\u00e9diums et corriger un d\u00e9s\u00e9quilibre dans ton son.<\/div>\n\n\n\n<div class=\"gspb_button_wrapper gspb_button-id-gsbp-28b72e0\" id=\"gspb_button-id-gsbp-28b72e0\"><a class=\"wp-block-greenshift-blocks-buttonbox gspb-buttonbox wp-element-button\" href=\"\/en\/comment-faconner-son-son\/\" rel=\"noopener\"><span class=\"gspb-buttonbox-textwrap\"><span class=\"gspb-buttonbox-text\"><span class=\"gspb-buttonbox-title\">Lire le guide complet<\/span><\/span><span class=\"gspb-buttonbox-icon\"><svg xmlns=\"http:\/\/www.w3.org\/2000\/svg\" style=\"width:5rem;height:5rem;margin:10px\" viewbox=\"0 0 15 15\">\n  <path d=\"M1 15a1 1 0 0 1-.707-1.707L11.586 2H1.52a1 1 0 0 1 0-2h12.483q.202.002.379.075a1 1 0 0 1 .542.543 1 1 0 0 1 .076.38V13.48a1 1 0 1 1-2 0V3.414L1.707 14.707A1 1 0 0 1 1 15\"><\/path>\n<\/svg><\/span><\/span><\/a><\/div>\n<\/div>\n <\/div><\/section>\n\n\n\n<section class=\"wp-block-greenshift-blocks-row alignfull gspb_row gspb_row-id-gsbp-9066539\" id=\"gspb_row-id-gsbp-9066539\"><div class=\"gspb_row__content\"> \n<div class=\"wp-block-greenshift-blocks-row-column gspb_row__col--12 gspb_col-id-gsbp-b9d1591\" id=\"gspb_col-id-gsbp-b9d1591\">\n<h3 id=\"gspb_heading-id-gsbp-741bcf8\" class=\"gspb_heading gspb_heading-id-gsbp-741bcf8\">Rep\u00e8res rapides<\/h3>\n\n\n\n<div id=\"gspb_text-id-gsbp-f24c23c\" class=\"gspb_text gspb_text-id-gsbp-f24c23c\">Pousser ton signal sans changer le caract\u00e8re de ton son : 1985 Preamp.<br><br>Calibrer le niveau entre diff\u00e9rentes guitares, par exemple Stratocaster et Les Paul : 1985 Preamp.<br><br>Stabiliser le niveau dans une cha\u00eene de p\u00e9dales : 1985 Preamp.<br><br>Corriger un d\u00e9s\u00e9quilibre dans les m\u00e9diums : Midrange Equalizer.<br><br>Faire ressortir un solo sans ajouter une nouvelle saturation : Midrange Equalizer.<br><br>Modifier la r\u00e9ponse d\u2019une overdrive avant ou apr\u00e8s la saturation : Midrange Equalizer.<\/div>\n<\/div>\n <\/div><\/section>\n\n\n\n<section class=\"wp-block-greenshift-blocks-row alignfull gspb_row gspb_row-id-gsbp-b3dea82\" id=\"gspb_row-id-gsbp-b3dea82\"><div class=\"gspb_row__content\"> \n<div class=\"wp-block-greenshift-blocks-row-column gspb_row__col--12 gspb_col-id-gsbp-f657750\" id=\"gspb_col-id-gsbp-f657750\">\n<h3 id=\"gspb_heading-id-gsbp-e5e8c34\" class=\"gspb_heading gspb_heading-id-gsbp-e5e8c34\">Les p\u00e9dales de cette s\u00e9lection<\/h3>\n\n\n\n<div id=\"gspb_text-id-gsbp-ecfc45a\" class=\"gspb_text gspb_text-id-gsbp-ecfc45a\">Voici les mod\u00e8les associ\u00e9s \u00e0 la s\u00e9lection \u201cFa\u00e7onner mon son\u201d. Le classement est automatique, mais ces p\u00e9dales ont un r\u00f4le commun : intervenir sur le niveau, l\u2019\u00e9quilibre fr\u00e9quentiel ou la pr\u00e9sence du signal sans remplacer ton son principal.<br><br>La 1985 Preamp peut aussi servir \u00e0 calibrer le niveau entre plusieurs guitares, par exemple pour rapprocher le niveau d\u2019une Stratocaster de celui d\u2019une guitare \u00e9quip\u00e9e de humbuckers. La Midrange Equalizer agit plut\u00f4t sur les fr\u00e9quences qui d\u00e9terminent la pr\u00e9sence et la lisibilit\u00e9 dans le mix.<\/div>\n\n\n<div class=\"woocommerce columns-3\"><ul class=\"products columns-3\" data-products=\"type-2\" data-hover=\"zoom-in\">\n<li class=\"product type-product post-16774 status-publish first instock product_cat-boost product_cat-preamp product_tag-faconner-son has-post-thumbnail shipping-taxable purchasable product-type-variable has-default-attributes\">\n\t<a href=\"https:\/\/teosmusic.net\/en\/product\/1985\/\" class=\"woocommerce-LoopProduct-link woocommerce-loop-product__link\"><img loading=\"lazy\" decoding=\"async\" width=\"300\" height=\"300\" src=\"https:\/\/teosmusic.net\/wp-content\/uploads\/2024\/02\/1985_resized_1-300x300.jpg\" class=\"attachment-woocommerce_thumbnail size-woocommerce_thumbnail\" alt=\"1985 Preamp\" srcset=\"https:\/\/teosmusic.net\/wp-content\/uploads\/2024\/02\/1985_resized_1-300x300.jpg 300w, https:\/\/teosmusic.net\/wp-content\/uploads\/2024\/02\/1985_resized_1-100x100.jpg 100w, https:\/\/teosmusic.net\/wp-content\/uploads\/2024\/02\/1985_resized_1-600x600.jpg 600w, https:\/\/teosmusic.net\/wp-content\/uploads\/2024\/02\/1985_resized_1-500x500.jpg 500w, https:\/\/teosmusic.net\/wp-content\/uploads\/2024\/02\/1985_resized_1-150x150.jpg 150w, https:\/\/teosmusic.net\/wp-content\/uploads\/2024\/02\/1985_resized_1-768x768.jpg 768w, https:\/\/teosmusic.net\/wp-content\/uploads\/2024\/02\/1985_resized_1-12x12.jpg 12w, https:\/\/teosmusic.net\/wp-content\/uploads\/2024\/02\/1985_resized_1.jpg 1200w\" sizes=\"auto, (max-width: 300px) 100vw, 300px\" \/><h2 class=\"woocommerce-loop-product__title\">1985 Preamp<\/h2>\n\t<span class=\"price\"><span class=\"woocommerce-Price-amount amount\"><bdi>155,00&nbsp;<span class=\"woocommerce-Price-currencySymbol\">\u20ac<\/span><\/bdi><\/span><\/span>\n<\/a><a href=\"https:\/\/teosmusic.net\/en\/product\/1985\/\" aria-describedby=\"woocommerce_loop_add_to_cart_link_describedby_16774\" data-quantity=\"1\" class=\"button product_type_variable add_to_cart_button\" data-product_id=\"16774\" data-product_sku=\"\" aria-label=\"Select options for \u201c1985 Preamp\u201d\" rel=\"nofollow\" data-no-translation=\"\" data-trp-gettext=\"\" data-no-translation-aria-label=\"\">Select options<\/a>\t<span id=\"woocommerce_loop_add_to_cart_link_describedby_16774\" class=\"screen-reader-text\">\n\t\tThis product has multiple variants. The options may be chosen on the product page\t<\/span>\n<\/li>\n<li class=\"product type-product post-17054 status-publish instock product_cat-boost product_cat-equalizer product_tag-equalizer product_tag-faconner-son product_tag-latest has-post-thumbnail shipping-taxable purchasable product-type-simple\">\n\t<a href=\"https:\/\/teosmusic.net\/en\/product\/midrange-eq\/\" class=\"woocommerce-LoopProduct-link woocommerce-loop-product__link\"><img loading=\"lazy\" decoding=\"async\" width=\"300\" height=\"300\" src=\"https:\/\/teosmusic.net\/wp-content\/uploads\/2025\/07\/mid_eq_resized_1-300x300.jpg\" class=\"attachment-woocommerce_thumbnail size-woocommerce_thumbnail\" alt=\"Midrange Equalizer\" srcset=\"https:\/\/teosmusic.net\/wp-content\/uploads\/2025\/07\/mid_eq_resized_1-300x300.jpg 300w, https:\/\/teosmusic.net\/wp-content\/uploads\/2025\/07\/mid_eq_resized_1-100x100.jpg 100w, https:\/\/teosmusic.net\/wp-content\/uploads\/2025\/07\/mid_eq_resized_1-600x600.jpg 600w, https:\/\/teosmusic.net\/wp-content\/uploads\/2025\/07\/mid_eq_resized_1-500x500.jpg 500w, https:\/\/teosmusic.net\/wp-content\/uploads\/2025\/07\/mid_eq_resized_1-150x150.jpg 150w, https:\/\/teosmusic.net\/wp-content\/uploads\/2025\/07\/mid_eq_resized_1-768x768.jpg 768w, https:\/\/teosmusic.net\/wp-content\/uploads\/2025\/07\/mid_eq_resized_1-12x12.jpg 12w, https:\/\/teosmusic.net\/wp-content\/uploads\/2025\/07\/mid_eq_resized_1.jpg 1400w\" sizes=\"auto, (max-width: 300px) 100vw, 300px\" \/><h2 class=\"woocommerce-loop-product__title\">Midrange Equalizer<\/h2>\n\t<span class=\"price\"><span class=\"woocommerce-Price-amount amount\"><bdi>189,00&nbsp;<span class=\"woocommerce-Price-currencySymbol\">\u20ac<\/span><\/bdi><\/span><\/span>\n<\/a><a href=\"\/en\/wp-json\/wp\/v2\/pages\/18007?add-to-cart=17054\" aria-describedby=\"woocommerce_loop_add_to_cart_link_describedby_17054\" data-quantity=\"1\" class=\"button product_type_simple add_to_cart_button ajax_add_to_cart\" data-product_id=\"17054\" data-product_sku=\"\" aria-label=\"Add to cart\" rel=\"nofollow\" data-success_message=\"\u201cMidrange Equalizer\u201d has been added to your cart\" role=\"button\" data-no-translation=\"\" data-trp-gettext=\"\" data-no-translation-aria-label=\"\" data-no-translation-data-success_message=\"\">Add to cart<\/a>\t<span id=\"woocommerce_loop_add_to_cart_link_describedby_17054\" class=\"screen-reader-text\">\n\t\t\t<\/span>\n<\/li>\n<\/ul>\n<\/div>\n<\/div>\n <\/div><\/section>\n\n\n\n<section class=\"wp-block-greenshift-blocks-row alignfull gspb_row gspb_row-id-gsbp-1155103\" id=\"gspb_row-id-gsbp-1155103\"><div class=\"gspb_row__content\"> \n<div class=\"wp-block-greenshift-blocks-row-column gspb_row__col--12 gspb_col-id-gsbp-794b5fe\" id=\"gspb_col-id-gsbp-794b5fe\">\n<div id=\"gspb_text-id-gsbp-a119987\" class=\"gspb_text gspb_text-id-gsbp-a119987\">Tu h\u00e9sites entre un boost transparent et une \u00e9galisation plus pr\u00e9cise ? Envoie-moi ton ampli, ta guitare, tes p\u00e9dales principales et le probl\u00e8me que tu veux corriger : manque de pr\u00e9sence, diff\u00e9rence de niveau entre guitares, m\u00e9diums trop marqu\u00e9s, solo qui ne ressort pas ou cha\u00eene de signal difficile \u00e0 \u00e9quilibrer.<\/div>\n\n\n\n<div class=\"gspb_button_wrapper gspb_button-id-gsbp-e7ffb15\" id=\"gspb_button-id-gsbp-e7ffb15\"><a class=\"wp-block-greenshift-blocks-buttonbox gspb-buttonbox wp-element-button\" href=\"\/en\/contact\/\" rel=\"noopener\"><span class=\"gspb-buttonbox-textwrap\"><span class=\"gspb-buttonbox-text\"><span class=\"gspb-buttonbox-title\">Me demander conseil<\/span><\/span><span class=\"gspb-buttonbox-icon\"><svg xmlns=\"http:\/\/www.w3.org\/2000\/svg\" style=\"width:5rem;height:5rem;margin:10px\" viewbox=\"0 0 15 15\">\n  <path d=\"M1 15a1 1 0 0 1-.707-1.707L11.586 2H1.52a1 1 0 0 1 0-2h12.483q.202.002.379.075a1 1 0 0 1 .542.543 1 1 0 0 1 .076.38V13.48a1 1 0 1 1-2 0V3.414L1.707 14.707A1 1 0 0 1 1 15\"><\/path>\n<\/svg><\/span><\/span><\/a><\/div>\n<\/div>\n <\/div><\/section>","protected":false},"excerpt":{"rendered":"","protected":false},"author":2,"featured_media":0,"parent":0,"menu_order":0,"comment_status":"closed","ping_status":"closed","template":"","meta":{"_acf_changed":false,"_gspb_post_css":"#gspb_row-id-gsbp-48e394c{justify-content:space-between;margin-bottom:0;display:flex;flex-wrap:wrap;margin-top:-60px;padding-top:40px;padding-bottom:30px}#gspb_row-id-gsbp-48e394c>.gspb_row__content{display:flex;justify-content:space-between;margin:0 auto;width:100%;flex-wrap:wrap}div[id^=gspb_col-id]{box-sizing:border-box;position:relative}body.gspb-bodyfront #gspb_row-id-gsbp-48e394c>.gspb_row__content{width:var(--theme-container-width, 1200px);max-width:var(--theme-normal-container-max-width, 1200px)}#gspb_col-id-gsbp-0eae176.gspb_row__col--12{width:100%}@media (max-width:575.98px){#gspb_col-id-gsbp-0eae176.gspb_row__col--12{width:100%}}#gspb_heading-id-gsbp-f86c447{margin-bottom:10px}.gspb_text-id-gsbp-08e482b{margin-top:0!important;margin-bottom:0!important}#gspb_row-id-gsbp-ca34f6a{justify-content:space-between;margin-top:0;display:flex;flex-wrap:wrap;margin-bottom:0;padding-top:40px;padding-bottom:30px;background-color:var(--wp--preset--color--palette-color-5, var(--theme-palette-color-5, #E9EBEC))}#gspb_row-id-gsbp-ca34f6a>.gspb_row__content{display:flex;justify-content:space-between;margin:0 auto;width:100%;flex-wrap:wrap}#gspb_col-id-gsbp-cba5392.gspb_row__col--12{width:100%}@media (max-width:575.98px){#gspb_col-id-gsbp-cba5392.gspb_row__col--12{width:100%}}#gspb_heading-id-gsbp-f59bb63{margin-bottom:10px}.gspb_text-id-gsbp-fca45a1{margin-top:0!important;margin-bottom:20px!important}#gspb_button-id-gsbp-28b72e0{display:flex;justify-content:flex-start}#gspb_button-id-gsbp-28b72e0 .gspb-buttonbox-text{display:flex;flex-direction:column}#gspb_button-id-gsbp-28b72e0>.gspb-buttonbox{box-sizing:border-box}#gspb_button-id-gsbp-28b72e0>.gspb-buttonbox>.gspb-buttonbox-textwrap>.gspb-buttonbox-icon,#gspb_button-id-gsbp-e7ffb15>.gspb-buttonbox>.gspb-buttonbox-textwrap>.gspb-buttonbox-icon{display:flex}#gspb_button-id-gsbp-28b72e0>.gspb-buttonbox>.gspb-buttonbox-textwrap{display:flex;flex-direction:row;align-items:center}#gspb_button-id-gsbp-28b72e0 .gspb-buttonbox-icon{margin-left:13px}#gspb_button-id-gsbp-28b72e0>.gspb-buttonbox .gspb-buttonbox-icon{transition:all .15s ease}#gspb_button-id-gsbp-28b72e0>.gspb-buttonbox{padding:15px 30px;background-color:var(--wp--preset--color--palette-color-4, var(--theme-palette-color-4, #18181B))}@media (max-width:991.98px){#gspb_button-id-gsbp-28b72e0>.gspb-buttonbox{background-color:var(--wp--preset--color--palette-color-4, var(--theme-palette-color-4, #18181B))}}@media (max-width:767.98px){#gspb_button-id-gsbp-28b72e0>.gspb-buttonbox{background-color:var(--wp--preset--color--palette-color-4, var(--theme-palette-color-4, #18181B))}}@media (max-width:575.98px){#gspb_button-id-gsbp-28b72e0>.gspb-buttonbox{background-color:var(--wp--preset--color--palette-color-4, var(--theme-palette-color-4, #18181B))}}#gspb_button-id-gsbp-28b72e0>.gspb-buttonbox:hover{background-color:var(--wp--preset--color--palette-color-1, var(--theme-palette-color-1, #cd1125))}@media (max-width:991.98px){#gspb_button-id-gsbp-28b72e0>.gspb-buttonbox:hover{background-color:var(--wp--preset--color--palette-color-1, var(--theme-palette-color-1, #cd1125))}}@media (max-width:767.98px){#gspb_button-id-gsbp-28b72e0>.gspb-buttonbox:hover{background-color:var(--wp--preset--color--palette-color-1, var(--theme-palette-color-1, #cd1125))}}@media (max-width:575.98px){#gspb_button-id-gsbp-28b72e0>.gspb-buttonbox:hover{background-color:var(--wp--preset--color--palette-color-1, var(--theme-palette-color-1, #cd1125))}}#gspb_button-id-gsbp-28b72e0>.gspb-buttonbox{font-size:16px;font-weight:600!important}@media (max-width:991.98px){#gspb_button-id-gsbp-28b72e0>.gspb-buttonbox{font-weight:600!important}}@media (max-width:767.98px){#gspb_button-id-gsbp-28b72e0>.gspb-buttonbox{font-weight:600!important}}@media (max-width:575.98px){#gspb_button-id-gsbp-28b72e0>.gspb-buttonbox{font-weight:600!important}}body.gspb-bodyfront #gspb_button-id-gsbp-28b72e0:hover .gspb-buttonbox-icon,body.gspb-bodyfront #gspb_button-id-gsbp-e7ffb15:hover .gspb-buttonbox-icon{transform:rotate(45deg)}#gspb_row-id-gsbp-9066539{justify-content:space-between;margin-top:0;margin-bottom:0;display:flex;flex-wrap:wrap;padding-top:30px;padding-bottom:20px}#gspb_row-id-gsbp-9066539>.gspb_row__content{display:flex;justify-content:space-between;margin:0 auto;width:100%;flex-wrap:wrap}body.gspb-bodyfront #gspb_row-id-gsbp-9066539>.gspb_row__content,body.gspb-bodyfront #gspb_row-id-gsbp-ca34f6a>.gspb_row__content{width:var(--theme-container-width, 1200px);max-width:var(--theme-normal-container-max-width, 1200px)}#gspb_col-id-gsbp-b9d1591.gspb_row__col--12{width:100%}@media (max-width:575.98px){#gspb_col-id-gsbp-b9d1591.gspb_row__col--12{width:100%}}#gspb_heading-id-gsbp-741bcf8{margin-bottom:10px}.gspb_text-id-gsbp-f24c23c{margin-top:0!important}#gspb_row-id-gsbp-b3dea82{justify-content:space-between;margin-top:0;margin-bottom:0;display:flex;flex-wrap:wrap;padding-top:10px;padding-bottom:60px}#gspb_row-id-gsbp-b3dea82>.gspb_row__content{display:flex;justify-content:space-between;margin:0 auto;width:100%;flex-wrap:wrap}#gspb_col-id-gsbp-f657750.gspb_row__col--12{width:100%}@media (max-width:575.98px){#gspb_col-id-gsbp-f657750.gspb_row__col--12{width:100%}}#gspb_heading-id-gsbp-e5e8c34{margin-bottom:10px}.gspb_text-id-gsbp-ecfc45a{margin-top:0!important;margin-bottom:40px!important}#gspb_row-id-gsbp-1155103{justify-content:space-between;margin-top:0;display:flex;flex-wrap:wrap;margin-bottom:-60px;padding-top:40px;padding-bottom:40px;background-color:var(--wp--preset--color--palette-color-5, var(--theme-palette-color-5, #E9EBEC))}#gspb_row-id-gsbp-1155103>.gspb_row__content{display:flex;justify-content:space-between;margin:0 auto;width:100%;flex-wrap:wrap}.gspb_row{position:relative}body.gspb-bodyfront #gspb_row-id-gsbp-1155103>.gspb_row__content,body.gspb-bodyfront #gspb_row-id-gsbp-b3dea82>.gspb_row__content{width:var(--theme-container-width, 1200px);max-width:var(--theme-normal-container-max-width, 1200px)}#gspb_col-id-gsbp-794b5fe.gspb_row__col--12{width:100%}@media (max-width:575.98px){#gspb_col-id-gsbp-794b5fe.gspb_row__col--12{width:100%}}.gspb_text-id-gsbp-a119987,.gspb_text-id-gsbp-a119987 .gsap-g-line{text-align:center!important}.gspb_text-id-gsbp-a119987{margin-bottom:20px!important}#gspb_button-id-gsbp-e7ffb15{display:flex;justify-content:center}#gspb_button-id-gsbp-e7ffb15 .gspb-buttonbox-text{display:flex;flex-direction:column}#gspb_button-id-gsbp-e7ffb15>.gspb-buttonbox{box-sizing:border-box}#gspb_button-id-gsbp-28b72e0>.gspb-buttonbox .gspb-buttonbox-icon svg,#gspb_button-id-gsbp-e7ffb15>.gspb-buttonbox .gspb-buttonbox-icon svg{height:10px!important;width:10px!important;min-width:10px!important;fill:currentColor!important;margin:0!important}#gspb_button-id-gsbp-28b72e0>.gspb-buttonbox .gspb-buttonbox-icon svg path,#gspb_button-id-gsbp-e7ffb15>.gspb-buttonbox .gspb-buttonbox-icon svg path{fill:currentColor!important}#gspb_button-id-gsbp-e7ffb15>.gspb-buttonbox>.gspb-buttonbox-textwrap{display:flex;flex-direction:row;align-items:center}#gspb_button-id-gsbp-e7ffb15 .gspb-buttonbox-icon{margin-left:13px}#gspb_button-id-gsbp-e7ffb15>.gspb-buttonbox .gspb-buttonbox-icon{transition:all .15s ease}#gspb_button-id-gsbp-e7ffb15>.gspb-buttonbox{padding:15px 30px;background-color:var(--wp--preset--color--palette-color-4, var(--theme-palette-color-4, #18181B))}@media (max-width:991.98px){#gspb_button-id-gsbp-e7ffb15>.gspb-buttonbox{background-color:var(--wp--preset--color--palette-color-4, var(--theme-palette-color-4, #18181B))}}@media (max-width:767.98px){#gspb_button-id-gsbp-e7ffb15>.gspb-buttonbox{background-color:var(--wp--preset--color--palette-color-4, var(--theme-palette-color-4, #18181B))}}@media (max-width:575.98px){#gspb_button-id-gsbp-e7ffb15>.gspb-buttonbox{background-color:var(--wp--preset--color--palette-color-4, var(--theme-palette-color-4, #18181B))}}#gspb_button-id-gsbp-e7ffb15>.gspb-buttonbox:hover{background-color:var(--wp--preset--color--palette-color-1, var(--theme-palette-color-1, #cd1125))}@media (max-width:991.98px){#gspb_button-id-gsbp-e7ffb15>.gspb-buttonbox:hover{background-color:var(--wp--preset--color--palette-color-1, var(--theme-palette-color-1, #cd1125))}}@media (max-width:767.98px){#gspb_button-id-gsbp-e7ffb15>.gspb-buttonbox:hover{background-color:var(--wp--preset--color--palette-color-1, var(--theme-palette-color-1, #cd1125))}}@media (max-width:575.98px){#gspb_button-id-gsbp-e7ffb15>.gspb-buttonbox:hover{background-color:var(--wp--preset--color--palette-color-1, var(--theme-palette-color-1, #cd1125))}}#gspb_button-id-gsbp-e7ffb15>.gspb-buttonbox{font-size:16px;font-weight:600!important}@media (max-width:991.98px){#gspb_button-id-gsbp-e7ffb15>.gspb-buttonbox{font-weight:600!important}}@media (max-width:767.98px){#gspb_button-id-gsbp-e7ffb15>.gspb-buttonbox{font-weight:600!important}}@media (max-width:575.98px){#gspb_button-id-gsbp-e7ffb15>.gspb-buttonbox{font-weight:600!important}}","iawp_total_views":0,"footnotes":""},"class_list":["post-18007","page","type-page","status-publish","hentry"],"blocksy_meta":{"disable_header":"no","styles_descriptor":{"styles":{"desktop":"","tablet":"","mobile":""},"google_fonts":[],"version":6},"has_hero_section":"disabled"},"acf":[],"aioseo_notices":[],"_links":{"self":[{"href":"https:\/\/teosmusic.net\/en\/wp-json\/wp\/v2\/pages\/18007","targetHints":{"allow":["GET"]}}],"collection":[{"href":"https:\/\/teosmusic.net\/en\/wp-json\/wp\/v2\/pages"}],"about":[{"href":"https:\/\/teosmusic.net\/en\/wp-json\/wp\/v2\/types\/page"}],"author":[{"embeddable":true,"href":"https:\/\/teosmusic.net\/en\/wp-json\/wp\/v2\/users\/2"}],"replies":[{"embeddable":true,"href":"https:\/\/teosmusic.net\/en\/wp-json\/wp\/v2\/comments?post=18007"}],"version-history":[{"count":2,"href":"https:\/\/teosmusic.net\/en\/wp-json\/wp\/v2\/pages\/18007\/revisions"}],"predecessor-version":[{"id":18009,"href":"https:\/\/teosmusic.net\/en\/wp-json\/wp\/v2\/pages\/18007\/revisions\/18009"}],"wp:attachment":[{"href":"https:\/\/teosmusic.net\/en\/wp-json\/wp\/v2\/media?parent=18007"}],"curies":[{"name":"wp","href":"https:\/\/api.w.org\/{rel}","templated":true}]}}