{"id":18018,"date":"2026-05-06T19:50:08","date_gmt":"2026-05-06T17:50:08","guid":{"rendered":"https:\/\/teosmusic.net\/?page_id=18018"},"modified":"2026-05-06T20:05:02","modified_gmt":"2026-05-06T18:05:02","slug":"double-overdrive","status":"publish","type":"page","link":"https:\/\/teosmusic.net\/en\/double-overdrive\/","title":{"rendered":"Double overdrive"},"content":{"rendered":"<section class=\"wp-block-greenshift-blocks-row alignfull gspb_row gspb_row-id-gsbp-48e394c\" id=\"gspb_row-id-gsbp-48e394c\"><div class=\"gspb_row__content\"> \n<div class=\"wp-block-greenshift-blocks-row-column gspb_row__col--12 gspb_col-id-gsbp-0eae176\" id=\"gspb_col-id-gsbp-0eae176\">\n<h1 id=\"gspb_heading-id-gsbp-f86c447\" class=\"gspb_heading gspb_heading-id-gsbp-f86c447\">Double overdrive<\/h1>\n\n\n\n<div id=\"gspb_text-id-gsbp-08e482b\" class=\"gspb_text gspb_text-id-gsbp-08e482b\">Tu veux plusieurs niveaux de gain dans une seule p\u00e9dale : un canal pour la base, un autre pour pousser le son, et les deux ensemble pour cr\u00e9er un vrai troisi\u00e8me niveau.<br>Cette s\u00e9lection rassemble les doubles overdrives Teos Music. Elles partagent le m\u00eame principe \u2014 deux canaux dans un seul bo\u00eetier \u2014 mais elles ne r\u00e9pondent pas au m\u00eame besoin : simplicit\u00e9 imm\u00e9diate, pr\u00e9sence dans le mix, contr\u00f4le live ou stacking enti\u00e8rement configurable.<\/div>\n<\/div>\n <\/div><\/section>\n\n\n\n<section class=\"wp-block-greenshift-blocks-row alignfull gspb_row gspb_row-id-gsbp-ca34f6a\" id=\"gspb_row-id-gsbp-ca34f6a\"><div class=\"gspb_row__content\"> \n<div class=\"wp-block-greenshift-blocks-row-column gspb_row__col--12 gspb_col-id-gsbp-cba5392\" id=\"gspb_col-id-gsbp-cba5392\">\n<h3 id=\"gspb_heading-id-gsbp-f59bb63\" class=\"gspb_heading gspb_heading-id-gsbp-f59bb63\">Besoin d\u2019aide pour choisir ?<\/h3>\n\n\n\n<div id=\"gspb_text-id-gsbp-fca45a1\" class=\"gspb_text gspb_text-id-gsbp-fca45a1\">Si tu h\u00e9sites entre une double overdrive simple, une p\u00e9dale plus orient\u00e9e lead, une solution pratique pour le live ou un vrai outil de stacking avanc\u00e9, le guide complet explique les diff\u00e9rences entre les mod\u00e8les.<\/div>\n\n\n\n<div class=\"gspb_button_wrapper gspb_button-id-gsbp-28b72e0\" id=\"gspb_button-id-gsbp-28b72e0\"><a class=\"wp-block-greenshift-blocks-buttonbox gspb-buttonbox wp-element-button\" href=\"\/en\/quelle-double-overdrive-choisir\/\" rel=\"noopener\"><span class=\"gspb-buttonbox-textwrap\"><span class=\"gspb-buttonbox-text\"><span class=\"gspb-buttonbox-title\">Lire le guide complet<\/span><\/span><span class=\"gspb-buttonbox-icon\"><svg xmlns=\"http:\/\/www.w3.org\/2000\/svg\" style=\"width:5rem;height:5rem;margin:10px\" viewbox=\"0 0 15 15\">\n  <path d=\"M1 15a1 1 0 0 1-.707-1.707L11.586 2H1.52a1 1 0 0 1 0-2h12.483q.202.002.379.075a1 1 0 0 1 .542.543 1 1 0 0 1 .076.38V13.48a1 1 0 1 1-2 0V3.414L1.707 14.707A1 1 0 0 1 1 15\"><\/path>\n<\/svg><\/span><\/span><\/a><\/div>\n<\/div>\n <\/div><\/section>\n\n\n\n<section class=\"wp-block-greenshift-blocks-row alignfull gspb_row gspb_row-id-gsbp-9066539\" id=\"gspb_row-id-gsbp-9066539\"><div class=\"gspb_row__content\"> \n<div class=\"wp-block-greenshift-blocks-row-column gspb_row__col--12 gspb_col-id-gsbp-b9d1591\" id=\"gspb_col-id-gsbp-b9d1591\">\n<h3 id=\"gspb_heading-id-gsbp-741bcf8\" class=\"gspb_heading gspb_heading-id-gsbp-741bcf8\">Rep\u00e8res rapides<\/h3>\n\n\n\n<div id=\"gspb_text-id-gsbp-f24c23c\" class=\"gspb_text gspb_text-id-gsbp-f24c23c\">La plus simple et la plus imm\u00e9diate \u00e0 prendre en main : Black Label Dual Overdrive.<br><br>Une base ouverte avec un canal plus focalis\u00e9 pour le lead : The Rudis Dual Overdrive.<br><br>La plus pratique si tu veux changer rapidement de mode en live : Knight Of Tone Dual Overdrive MKII.<br><br>La plus configurable pour construire pr\u00e9cis\u00e9ment ton stacking : Black Pearl Dual Overdrive.<br><br>Si tu veux une double overdrive plug &amp; play : Black Label.<br><br>Si tu veux un vrai outil de construction de gain : Black Pearl.<\/div>\n<\/div>\n <\/div><\/section>\n\n\n\n<section class=\"wp-block-greenshift-blocks-row alignfull gspb_row gspb_row-id-gsbp-b3dea82\" id=\"gspb_row-id-gsbp-b3dea82\"><div class=\"gspb_row__content\"> \n<div class=\"wp-block-greenshift-blocks-row-column gspb_row__col--12 gspb_col-id-gsbp-f657750\" id=\"gspb_col-id-gsbp-f657750\">\n<h3 id=\"gspb_heading-id-gsbp-e5e8c34\" class=\"gspb_heading gspb_heading-id-gsbp-e5e8c34\">Les p\u00e9dales de cette s\u00e9lection<\/h3>\n\n\n\n<div id=\"gspb_text-id-gsbp-ecfc45a\" class=\"gspb_text gspb_text-id-gsbp-ecfc45a\">Voici les mod\u00e8les associ\u00e9s \u00e0 la s\u00e9lection \u201cDouble overdrive\u201d. Le classement est automatique, mais chaque p\u00e9dale propose une mani\u00e8re diff\u00e9rente de construire plusieurs niveaux de gain : deux canaux s\u00e9par\u00e9s, puis les deux ensemble comme un troisi\u00e8me son.<\/div>\n\n\n<div class=\"woocommerce columns-4\"><ul class=\"products columns-4\" data-products=\"type-2\" data-hover=\"zoom-in\">\n<li class=\"product type-product post-395 status-publish first instock product_cat-boost product_cat-dual-overdrive product_cat-overdrive product_tag-bluesbreaker product_tag-double-overdrive product_tag-odr-1 has-post-thumbnail shipping-taxable purchasable product-type-simple\">\n\t<a href=\"https:\/\/teosmusic.net\/en\/product\/black-label-dual-overdrive\/\" class=\"woocommerce-LoopProduct-link woocommerce-loop-product__link\"><img loading=\"lazy\" decoding=\"async\" width=\"300\" height=\"300\" src=\"https:\/\/teosmusic.net\/wp-content\/uploads\/2022\/08\/black_label_resized_1-300x300.jpg\" class=\"attachment-woocommerce_thumbnail size-woocommerce_thumbnail\" alt=\"Black Label Dual Overdrive\" srcset=\"https:\/\/teosmusic.net\/wp-content\/uploads\/2022\/08\/black_label_resized_1-300x300.jpg 300w, https:\/\/teosmusic.net\/wp-content\/uploads\/2022\/08\/black_label_resized_1-100x100.jpg 100w, https:\/\/teosmusic.net\/wp-content\/uploads\/2022\/08\/black_label_resized_1-600x600.jpg 600w, https:\/\/teosmusic.net\/wp-content\/uploads\/2022\/08\/black_label_resized_1-500x500.jpg 500w, https:\/\/teosmusic.net\/wp-content\/uploads\/2022\/08\/black_label_resized_1-150x150.jpg 150w, https:\/\/teosmusic.net\/wp-content\/uploads\/2022\/08\/black_label_resized_1-768x768.jpg 768w, https:\/\/teosmusic.net\/wp-content\/uploads\/2022\/08\/black_label_resized_1-12x12.jpg 12w, https:\/\/teosmusic.net\/wp-content\/uploads\/2022\/08\/black_label_resized_1.jpg 1200w\" sizes=\"auto, (max-width: 300px) 100vw, 300px\" \/><h2 class=\"woocommerce-loop-product__title\">Black Label Dual Overdrive<\/h2>\n\t<span class=\"price\"><span class=\"woocommerce-Price-amount amount\"><bdi>219,00&nbsp;<span class=\"woocommerce-Price-currencySymbol\">\u20ac<\/span><\/bdi><\/span><\/span>\n<\/a><a href=\"\/en\/wp-json\/wp\/v2\/pages\/18018?add-to-cart=395\" aria-describedby=\"woocommerce_loop_add_to_cart_link_describedby_395\" data-quantity=\"1\" class=\"button product_type_simple add_to_cart_button ajax_add_to_cart\" data-product_id=\"395\" data-product_sku=\"P0004\" aria-label=\"Add to cart\" rel=\"nofollow\" data-success_message=\"\u201cBlack Label Dual Overdrive\u201d has been added to your cart\" role=\"button\" data-no-translation=\"\" data-trp-gettext=\"\" data-no-translation-aria-label=\"\" data-no-translation-data-success_message=\"\">Add to cart<\/a>\t<span id=\"woocommerce_loop_add_to_cart_link_describedby_395\" class=\"screen-reader-text\">\n\t\t\t<\/span>\n<\/li>\n<li class=\"product type-product post-16397 status-publish instock product_cat-boost product_cat-dual-overdrive product_cat-overdrive product_tag-1s1588 product_tag-bluesbreaker product_tag-double-overdrive product_tag-klon product_tag-ma859 has-post-thumbnail shipping-taxable purchasable product-type-simple\">\n\t<a href=\"https:\/\/teosmusic.net\/en\/product\/black-pearl-dual-overdrive\/\" class=\"woocommerce-LoopProduct-link woocommerce-loop-product__link\"><img loading=\"lazy\" decoding=\"async\" width=\"300\" height=\"300\" src=\"https:\/\/teosmusic.net\/wp-content\/uploads\/2023\/08\/black_pearl_resized_1-300x300.jpg\" class=\"attachment-woocommerce_thumbnail size-woocommerce_thumbnail\" alt=\"Black Pearl Dual Overdrive\" srcset=\"https:\/\/teosmusic.net\/wp-content\/uploads\/2023\/08\/black_pearl_resized_1-300x300.jpg 300w, https:\/\/teosmusic.net\/wp-content\/uploads\/2023\/08\/black_pearl_resized_1-100x100.jpg 100w, https:\/\/teosmusic.net\/wp-content\/uploads\/2023\/08\/black_pearl_resized_1-600x600.jpg 600w, https:\/\/teosmusic.net\/wp-content\/uploads\/2023\/08\/black_pearl_resized_1-500x500.jpg 500w, https:\/\/teosmusic.net\/wp-content\/uploads\/2023\/08\/black_pearl_resized_1-150x150.jpg 150w, https:\/\/teosmusic.net\/wp-content\/uploads\/2023\/08\/black_pearl_resized_1-768x768.jpg 768w, https:\/\/teosmusic.net\/wp-content\/uploads\/2023\/08\/black_pearl_resized_1-12x12.jpg 12w, https:\/\/teosmusic.net\/wp-content\/uploads\/2023\/08\/black_pearl_resized_1.jpg 1200w\" sizes=\"auto, (max-width: 300px) 100vw, 300px\" \/><h2 class=\"woocommerce-loop-product__title\">Black Pearl Dual Overdrive<\/h2>\n\t<span class=\"price\"><span class=\"woocommerce-Price-amount amount\"><bdi>229,00&nbsp;<span class=\"woocommerce-Price-currencySymbol\">\u20ac<\/span><\/bdi><\/span><\/span>\n<\/a><a href=\"\/en\/wp-json\/wp\/v2\/pages\/18018?add-to-cart=16397\" aria-describedby=\"woocommerce_loop_add_to_cart_link_describedby_16397\" data-quantity=\"1\" class=\"button product_type_simple add_to_cart_button ajax_add_to_cart\" data-product_id=\"16397\" data-product_sku=\"\" aria-label=\"Add to cart\" rel=\"nofollow\" data-success_message=\"\u201cBlack Pearl Dual Overdrive\u201d has been added to your cart\" role=\"button\" data-no-translation=\"\" data-trp-gettext=\"\" data-no-translation-aria-label=\"\" data-no-translation-data-success_message=\"\">Add to cart<\/a>\t<span id=\"woocommerce_loop_add_to_cart_link_describedby_16397\" class=\"screen-reader-text\">\n\t\t\t<\/span>\n<\/li>\n<li class=\"product type-product post-16765 status-publish instock product_cat-boost product_cat-distortion product_cat-dual-overdrive product_cat-overdrive product_tag-bluesbreaker product_tag-double-overdrive product_tag-latest product_tag-ma859 has-post-thumbnail shipping-taxable purchasable product-type-simple\">\n\t<a href=\"https:\/\/teosmusic.net\/en\/product\/knight-of-tone-overdrive\/\" class=\"woocommerce-LoopProduct-link woocommerce-loop-product__link\"><img loading=\"lazy\" decoding=\"async\" width=\"300\" height=\"300\" src=\"https:\/\/teosmusic.net\/wp-content\/uploads\/2024\/02\/KOT_MKII_resized_1-300x300.jpg\" class=\"attachment-woocommerce_thumbnail size-woocommerce_thumbnail\" alt=\"Knight Of Tone Dual Overdrive MKII\" srcset=\"https:\/\/teosmusic.net\/wp-content\/uploads\/2024\/02\/KOT_MKII_resized_1-300x300.jpg 300w, https:\/\/teosmusic.net\/wp-content\/uploads\/2024\/02\/KOT_MKII_resized_1-100x100.jpg 100w, https:\/\/teosmusic.net\/wp-content\/uploads\/2024\/02\/KOT_MKII_resized_1-600x600.jpg 600w, https:\/\/teosmusic.net\/wp-content\/uploads\/2024\/02\/KOT_MKII_resized_1-500x500.jpg 500w, https:\/\/teosmusic.net\/wp-content\/uploads\/2024\/02\/KOT_MKII_resized_1-150x150.jpg 150w, https:\/\/teosmusic.net\/wp-content\/uploads\/2024\/02\/KOT_MKII_resized_1-768x768.jpg 768w, https:\/\/teosmusic.net\/wp-content\/uploads\/2024\/02\/KOT_MKII_resized_1-12x12.jpg 12w, https:\/\/teosmusic.net\/wp-content\/uploads\/2024\/02\/KOT_MKII_resized_1.jpg 1200w\" sizes=\"auto, (max-width: 300px) 100vw, 300px\" \/><h2 class=\"woocommerce-loop-product__title\">Knight Of Tone Dual Overdrive MKII<\/h2>\n\t<span class=\"price\"><span class=\"woocommerce-Price-amount amount\"><bdi>219,00&nbsp;<span class=\"woocommerce-Price-currencySymbol\">\u20ac<\/span><\/bdi><\/span><\/span>\n<\/a><a href=\"\/en\/wp-json\/wp\/v2\/pages\/18018?add-to-cart=16765\" aria-describedby=\"woocommerce_loop_add_to_cart_link_describedby_16765\" data-quantity=\"1\" class=\"button product_type_simple add_to_cart_button ajax_add_to_cart\" data-product_id=\"16765\" data-product_sku=\"P0001-1\" aria-label=\"Add to cart\" rel=\"nofollow\" data-success_message=\"\u201cKnight Of Tone Dual Overdrive MKII\u201d has been added to your cart\" role=\"button\" data-no-translation=\"\" data-trp-gettext=\"\" data-no-translation-aria-label=\"\" data-no-translation-data-success_message=\"\">Add to cart<\/a>\t<span id=\"woocommerce_loop_add_to_cart_link_describedby_16765\" class=\"screen-reader-text\">\n\t\t\t<\/span>\n<\/li>\n<li class=\"product type-product post-16393 status-publish last instock product_cat-boost product_cat-dual-overdrive product_cat-overdrive product_tag-bluesbreaker product_tag-double-overdrive product_tag-duellist product_tag-king-tone product_tag-latest product_tag-sale product_tag-tube-screamer has-post-thumbnail sale shipping-taxable purchasable product-type-simple\">\n\t<a href=\"https:\/\/teosmusic.net\/en\/product\/rudis-dual-overdrive\/\" class=\"woocommerce-LoopProduct-link woocommerce-loop-product__link\">\n\t<span class=\"onsale\" data-shape=\"type-2\">SALE<\/span>\n\t<img loading=\"lazy\" decoding=\"async\" width=\"300\" height=\"300\" src=\"https:\/\/teosmusic.net\/wp-content\/uploads\/2023\/08\/rudis_resized_1-300x300.jpg\" class=\"attachment-woocommerce_thumbnail size-woocommerce_thumbnail\" alt=\"The Rudis Dual Overdrive\" srcset=\"https:\/\/teosmusic.net\/wp-content\/uploads\/2023\/08\/rudis_resized_1-300x300.jpg 300w, https:\/\/teosmusic.net\/wp-content\/uploads\/2023\/08\/rudis_resized_1-100x100.jpg 100w, https:\/\/teosmusic.net\/wp-content\/uploads\/2023\/08\/rudis_resized_1-600x600.jpg 600w, https:\/\/teosmusic.net\/wp-content\/uploads\/2023\/08\/rudis_resized_1-500x500.jpg 500w, https:\/\/teosmusic.net\/wp-content\/uploads\/2023\/08\/rudis_resized_1-150x150.jpg 150w, https:\/\/teosmusic.net\/wp-content\/uploads\/2023\/08\/rudis_resized_1-768x768.jpg 768w, https:\/\/teosmusic.net\/wp-content\/uploads\/2023\/08\/rudis_resized_1-12x12.jpg 12w, https:\/\/teosmusic.net\/wp-content\/uploads\/2023\/08\/rudis_resized_1.jpg 1200w\" sizes=\"auto, (max-width: 300px) 100vw, 300px\" \/><h2 class=\"woocommerce-loop-product__title\">The Rudis Dual Overdrive<\/h2>\n\t<span class=\"price\"><span class=\"sale-price\"><del aria-hidden=\"true\"><span class=\"woocommerce-Price-amount amount\"><bdi>219,00&nbsp;<span class=\"woocommerce-Price-currencySymbol\">\u20ac<\/span><\/bdi><\/span><\/del> <span class=\"screen-reader-text\" data-no-translation=\"\" data-trp-gettext=\"\">Original price was: 219,00&nbsp;&euro;.<\/span><ins aria-hidden=\"true\"><span class=\"woocommerce-Price-amount amount\"><bdi>179,00&nbsp;<span class=\"woocommerce-Price-currencySymbol\">\u20ac<\/span><\/bdi><\/span><\/ins><span class=\"screen-reader-text\" data-no-translation=\"\" data-trp-gettext=\"\">Current price is: 179,00&nbsp;&euro;.<\/span><\/span><\/span>\n<\/a><a href=\"\/en\/wp-json\/wp\/v2\/pages\/18018?add-to-cart=16393\" aria-describedby=\"woocommerce_loop_add_to_cart_link_describedby_16393\" data-quantity=\"1\" class=\"button product_type_simple add_to_cart_button ajax_add_to_cart\" data-product_id=\"16393\" data-product_sku=\"\" aria-label=\"Add to cart\" rel=\"nofollow\" data-success_message=\"\u201cThe Rudis Dual Overdrive\u201d has been added to your cart\" role=\"button\" data-no-translation=\"\" data-trp-gettext=\"\" data-no-translation-aria-label=\"\" data-no-translation-data-success_message=\"\">Add to cart<\/a>\t<span id=\"woocommerce_loop_add_to_cart_link_describedby_16393\" class=\"screen-reader-text\">\n\t\t\t<\/span>\n<\/li>\n<\/ul>\n<\/div>\n<\/div>\n <\/div><\/section>\n\n\n\n<section class=\"wp-block-greenshift-blocks-row alignfull gspb_row gspb_row-id-gsbp-1155103\" id=\"gspb_row-id-gsbp-1155103\"><div class=\"gspb_row__content\"> \n<div class=\"wp-block-greenshift-blocks-row-column gspb_row__col--12 gspb_col-id-gsbp-794b5fe\" id=\"gspb_col-id-gsbp-794b5fe\">\n<div id=\"gspb_text-id-gsbp-a119987\" class=\"gspb_text gspb_text-id-gsbp-a119987\">Tu h\u00e9sites entre deux doubles overdrives ? Envoie-moi ton ampli, ta guitare, ton style de jeu et la fa\u00e7on dont tu veux utiliser les deux canaux : base + lead, boost + overdrive, stacking progressif ou plusieurs sons utilisables en live.<\/div>\n\n\n\n<div class=\"gspb_button_wrapper gspb_button-id-gsbp-e7ffb15\" id=\"gspb_button-id-gsbp-e7ffb15\"><a class=\"wp-block-greenshift-blocks-buttonbox gspb-buttonbox wp-element-button\" href=\"\/en\/contact\/\" rel=\"noopener\"><span class=\"gspb-buttonbox-textwrap\"><span class=\"gspb-buttonbox-text\"><span class=\"gspb-buttonbox-title\">Me demander conseil<\/span><\/span><span class=\"gspb-buttonbox-icon\"><svg xmlns=\"http:\/\/www.w3.org\/2000\/svg\" style=\"width:5rem;height:5rem;margin:10px\" viewbox=\"0 0 15 15\">\n  <path d=\"M1 15a1 1 0 0 1-.707-1.707L11.586 2H1.52a1 1 0 0 1 0-2h12.483q.202.002.379.075a1 1 0 0 1 .542.543 1 1 0 0 1 .076.38V13.48a1 1 0 1 1-2 0V3.414L1.707 14.707A1 1 0 0 1 1 15\"><\/path>\n<\/svg><\/span><\/span><\/a><\/div>\n<\/div>\n <\/div><\/section>","protected":false},"excerpt":{"rendered":"","protected":false},"author":2,"featured_media":0,"parent":0,"menu_order":0,"comment_status":"closed","ping_status":"closed","template":"","meta":{"_acf_changed":false,"_gspb_post_css":"#gspb_row-id-gsbp-48e394c{justify-content:space-between;margin-bottom:0;display:flex;flex-wrap:wrap;margin-top:-60px;padding-top:40px;padding-bottom:30px}#gspb_row-id-gsbp-48e394c>.gspb_row__content{display:flex;justify-content:space-between;margin:0 auto;width:100%;flex-wrap:wrap}div[id^=gspb_col-id]{box-sizing:border-box;position:relative}body.gspb-bodyfront #gspb_row-id-gsbp-48e394c>.gspb_row__content{width:var(--theme-container-width, 1200px);max-width:var(--theme-normal-container-max-width, 1200px)}#gspb_col-id-gsbp-0eae176.gspb_row__col--12{width:100%}@media (max-width:575.98px){#gspb_col-id-gsbp-0eae176.gspb_row__col--12{width:100%}}#gspb_heading-id-gsbp-f86c447{margin-bottom:10px}.gspb_text-id-gsbp-08e482b{margin-top:0!important;margin-bottom:0!important}#gspb_row-id-gsbp-ca34f6a{justify-content:space-between;margin-top:0;display:flex;flex-wrap:wrap;margin-bottom:0;padding-top:40px;padding-bottom:30px;background-color:var(--wp--preset--color--palette-color-5, var(--theme-palette-color-5, #E9EBEC))}#gspb_row-id-gsbp-ca34f6a>.gspb_row__content{display:flex;justify-content:space-between;margin:0 auto;width:100%;flex-wrap:wrap}#gspb_col-id-gsbp-cba5392.gspb_row__col--12{width:100%}@media (max-width:575.98px){#gspb_col-id-gsbp-cba5392.gspb_row__col--12{width:100%}}#gspb_heading-id-gsbp-f59bb63{margin-bottom:10px}.gspb_text-id-gsbp-fca45a1{margin-top:0!important;margin-bottom:20px!important}#gspb_button-id-gsbp-28b72e0{display:flex;justify-content:flex-start}#gspb_button-id-gsbp-28b72e0 .gspb-buttonbox-text{display:flex;flex-direction:column}#gspb_button-id-gsbp-28b72e0>.gspb-buttonbox{box-sizing:border-box}#gspb_button-id-gsbp-28b72e0>.gspb-buttonbox>.gspb-buttonbox-textwrap>.gspb-buttonbox-icon,#gspb_button-id-gsbp-e7ffb15>.gspb-buttonbox>.gspb-buttonbox-textwrap>.gspb-buttonbox-icon{display:flex}#gspb_button-id-gsbp-28b72e0>.gspb-buttonbox>.gspb-buttonbox-textwrap{display:flex;flex-direction:row;align-items:center}#gspb_button-id-gsbp-28b72e0 .gspb-buttonbox-icon{margin-left:13px}#gspb_button-id-gsbp-28b72e0>.gspb-buttonbox .gspb-buttonbox-icon{transition:all .15s ease}#gspb_button-id-gsbp-28b72e0>.gspb-buttonbox{padding:15px 30px;background-color:var(--wp--preset--color--palette-color-4, var(--theme-palette-color-4, #18181B))}@media (max-width:991.98px){#gspb_button-id-gsbp-28b72e0>.gspb-buttonbox{background-color:var(--wp--preset--color--palette-color-4, var(--theme-palette-color-4, #18181B))}}@media (max-width:767.98px){#gspb_button-id-gsbp-28b72e0>.gspb-buttonbox{background-color:var(--wp--preset--color--palette-color-4, var(--theme-palette-color-4, #18181B))}}@media (max-width:575.98px){#gspb_button-id-gsbp-28b72e0>.gspb-buttonbox{background-color:var(--wp--preset--color--palette-color-4, var(--theme-palette-color-4, #18181B))}}#gspb_button-id-gsbp-28b72e0>.gspb-buttonbox:hover{background-color:var(--wp--preset--color--palette-color-1, var(--theme-palette-color-1, #cd1125))}@media (max-width:991.98px){#gspb_button-id-gsbp-28b72e0>.gspb-buttonbox:hover{background-color:var(--wp--preset--color--palette-color-1, var(--theme-palette-color-1, #cd1125))}}@media (max-width:767.98px){#gspb_button-id-gsbp-28b72e0>.gspb-buttonbox:hover{background-color:var(--wp--preset--color--palette-color-1, var(--theme-palette-color-1, #cd1125))}}@media (max-width:575.98px){#gspb_button-id-gsbp-28b72e0>.gspb-buttonbox:hover{background-color:var(--wp--preset--color--palette-color-1, var(--theme-palette-color-1, #cd1125))}}#gspb_button-id-gsbp-28b72e0>.gspb-buttonbox{font-size:16px;font-weight:600!important}@media (max-width:991.98px){#gspb_button-id-gsbp-28b72e0>.gspb-buttonbox{font-weight:600!important}}@media (max-width:767.98px){#gspb_button-id-gsbp-28b72e0>.gspb-buttonbox{font-weight:600!important}}@media (max-width:575.98px){#gspb_button-id-gsbp-28b72e0>.gspb-buttonbox{font-weight:600!important}}body.gspb-bodyfront #gspb_button-id-gsbp-28b72e0:hover .gspb-buttonbox-icon,body.gspb-bodyfront #gspb_button-id-gsbp-e7ffb15:hover .gspb-buttonbox-icon{transform:rotate(45deg)}#gspb_row-id-gsbp-9066539{justify-content:space-between;margin-top:0;margin-bottom:0;display:flex;flex-wrap:wrap;padding-top:30px;padding-bottom:20px}#gspb_row-id-gsbp-9066539>.gspb_row__content{display:flex;justify-content:space-between;margin:0 auto;width:100%;flex-wrap:wrap}body.gspb-bodyfront #gspb_row-id-gsbp-9066539>.gspb_row__content,body.gspb-bodyfront #gspb_row-id-gsbp-ca34f6a>.gspb_row__content{width:var(--theme-container-width, 1200px);max-width:var(--theme-normal-container-max-width, 1200px)}#gspb_col-id-gsbp-b9d1591.gspb_row__col--12{width:100%}@media (max-width:575.98px){#gspb_col-id-gsbp-b9d1591.gspb_row__col--12{width:100%}}#gspb_heading-id-gsbp-741bcf8{margin-bottom:10px}.gspb_text-id-gsbp-f24c23c{margin-top:0!important}#gspb_row-id-gsbp-b3dea82{justify-content:space-between;margin-top:0;margin-bottom:0;display:flex;flex-wrap:wrap;padding-top:10px;padding-bottom:60px}#gspb_row-id-gsbp-b3dea82>.gspb_row__content{display:flex;justify-content:space-between;margin:0 auto;width:100%;flex-wrap:wrap}#gspb_col-id-gsbp-f657750.gspb_row__col--12{width:100%}@media (max-width:575.98px){#gspb_col-id-gsbp-f657750.gspb_row__col--12{width:100%}}#gspb_heading-id-gsbp-e5e8c34{margin-bottom:10px}.gspb_text-id-gsbp-ecfc45a{margin-top:0!important;margin-bottom:40px!important}#gspb_row-id-gsbp-1155103{justify-content:space-between;margin-top:0;display:flex;flex-wrap:wrap;margin-bottom:-60px;padding-top:40px;padding-bottom:40px;background-color:var(--wp--preset--color--palette-color-5, var(--theme-palette-color-5, #E9EBEC))}#gspb_row-id-gsbp-1155103>.gspb_row__content{display:flex;justify-content:space-between;margin:0 auto;width:100%;flex-wrap:wrap}.gspb_row{position:relative}body.gspb-bodyfront #gspb_row-id-gsbp-1155103>.gspb_row__content,body.gspb-bodyfront #gspb_row-id-gsbp-b3dea82>.gspb_row__content{width:var(--theme-container-width, 1200px);max-width:var(--theme-normal-container-max-width, 1200px)}#gspb_col-id-gsbp-794b5fe.gspb_row__col--12{width:100%}@media (max-width:575.98px){#gspb_col-id-gsbp-794b5fe.gspb_row__col--12{width:100%}}.gspb_text-id-gsbp-a119987,.gspb_text-id-gsbp-a119987 .gsap-g-line{text-align:center!important}.gspb_text-id-gsbp-a119987{margin-bottom:20px!important}#gspb_button-id-gsbp-e7ffb15{display:flex;justify-content:center}#gspb_button-id-gsbp-e7ffb15 .gspb-buttonbox-text{display:flex;flex-direction:column}#gspb_button-id-gsbp-e7ffb15>.gspb-buttonbox{box-sizing:border-box}#gspb_button-id-gsbp-28b72e0>.gspb-buttonbox .gspb-buttonbox-icon svg,#gspb_button-id-gsbp-e7ffb15>.gspb-buttonbox .gspb-buttonbox-icon svg{height:10px!important;width:10px!important;min-width:10px!important;fill:currentColor!important;margin:0!important}#gspb_button-id-gsbp-28b72e0>.gspb-buttonbox .gspb-buttonbox-icon svg path,#gspb_button-id-gsbp-e7ffb15>.gspb-buttonbox .gspb-buttonbox-icon svg path{fill:currentColor!important}#gspb_button-id-gsbp-e7ffb15>.gspb-buttonbox>.gspb-buttonbox-textwrap{display:flex;flex-direction:row;align-items:center}#gspb_button-id-gsbp-e7ffb15 .gspb-buttonbox-icon{margin-left:13px}#gspb_button-id-gsbp-e7ffb15>.gspb-buttonbox .gspb-buttonbox-icon{transition:all .15s ease}#gspb_button-id-gsbp-e7ffb15>.gspb-buttonbox{padding:15px 30px;background-color:var(--wp--preset--color--palette-color-4, var(--theme-palette-color-4, #18181B))}@media (max-width:991.98px){#gspb_button-id-gsbp-e7ffb15>.gspb-buttonbox{background-color:var(--wp--preset--color--palette-color-4, var(--theme-palette-color-4, #18181B))}}@media (max-width:767.98px){#gspb_button-id-gsbp-e7ffb15>.gspb-buttonbox{background-color:var(--wp--preset--color--palette-color-4, var(--theme-palette-color-4, #18181B))}}@media (max-width:575.98px){#gspb_button-id-gsbp-e7ffb15>.gspb-buttonbox{background-color:var(--wp--preset--color--palette-color-4, var(--theme-palette-color-4, #18181B))}}#gspb_button-id-gsbp-e7ffb15>.gspb-buttonbox:hover{background-color:var(--wp--preset--color--palette-color-1, var(--theme-palette-color-1, #cd1125))}@media (max-width:991.98px){#gspb_button-id-gsbp-e7ffb15>.gspb-buttonbox:hover{background-color:var(--wp--preset--color--palette-color-1, var(--theme-palette-color-1, #cd1125))}}@media (max-width:767.98px){#gspb_button-id-gsbp-e7ffb15>.gspb-buttonbox:hover{background-color:var(--wp--preset--color--palette-color-1, var(--theme-palette-color-1, #cd1125))}}@media (max-width:575.98px){#gspb_button-id-gsbp-e7ffb15>.gspb-buttonbox:hover{background-color:var(--wp--preset--color--palette-color-1, var(--theme-palette-color-1, #cd1125))}}#gspb_button-id-gsbp-e7ffb15>.gspb-buttonbox{font-size:16px;font-weight:600!important}@media (max-width:991.98px){#gspb_button-id-gsbp-e7ffb15>.gspb-buttonbox{font-weight:600!important}}@media (max-width:767.98px){#gspb_button-id-gsbp-e7ffb15>.gspb-buttonbox{font-weight:600!important}}@media (max-width:575.98px){#gspb_button-id-gsbp-e7ffb15>.gspb-buttonbox{font-weight:600!important}}","iawp_total_views":0,"footnotes":""},"class_list":["post-18018","page","type-page","status-publish","hentry"],"blocksy_meta":{"disable_header":"no","styles_descriptor":{"styles":{"desktop":"","tablet":"","mobile":""},"google_fonts":[],"version":6},"has_hero_section":"disabled"},"acf":[],"aioseo_notices":[],"_links":{"self":[{"href":"https:\/\/teosmusic.net\/en\/wp-json\/wp\/v2\/pages\/18018","targetHints":{"allow":["GET"]}}],"collection":[{"href":"https:\/\/teosmusic.net\/en\/wp-json\/wp\/v2\/pages"}],"about":[{"href":"https:\/\/teosmusic.net\/en\/wp-json\/wp\/v2\/types\/page"}],"author":[{"embeddable":true,"href":"https:\/\/teosmusic.net\/en\/wp-json\/wp\/v2\/users\/2"}],"replies":[{"embeddable":true,"href":"https:\/\/teosmusic.net\/en\/wp-json\/wp\/v2\/comments?post=18018"}],"version-history":[{"count":2,"href":"https:\/\/teosmusic.net\/en\/wp-json\/wp\/v2\/pages\/18018\/revisions"}],"predecessor-version":[{"id":18020,"href":"https:\/\/teosmusic.net\/en\/wp-json\/wp\/v2\/pages\/18018\/revisions\/18020"}],"wp:attachment":[{"href":"https:\/\/teosmusic.net\/en\/wp-json\/wp\/v2\/media?parent=18018"}],"curies":[{"name":"wp","href":"https:\/\/api.w.org\/{rel}","templated":true}]}}