{"id":127,"date":"2022-04-18T12:43:55","date_gmt":"2022-04-18T10:43:55","guid":{"rendered":"http:\/\/teosmusic.net\/?post_type=product&#038;p=127"},"modified":"2024-05-12T10:51:18","modified_gmt":"2024-05-12T08:51:18","slug":"chameleon-overdrive","status":"publish","type":"product","link":"https:\/\/teosmusic.net\/en\/product\/chameleon-overdrive\/","title":{"rendered":"Chameleon Overdrive"},"content":{"rendered":"<ul>\n<li>Contr\u00f4les: Level, Tone, Gain<\/li>\n<li>Commutateur \u00e0 3 positions pour changer l\u2019overdrive voicing:\n<ul>\n<li>La position vers le bas: Bas\u00e9 sur Keeley 808 Mod am\u00e9lior\u00e9 pour avoir plus de son \u00e0 lampes<\/li>\n<li>La position centrale: Pour un son plus dynamique et transparent<\/li>\n<li>La position vers le haut: Pour un son plus ouvert<\/li>\n<\/ul>\n<\/li>\n<li>Commutateur \u00e0 3 positions pour r\u00e9gler la basse (low, medium ou high)<\/li>\n<li>JRC4558D IC\/Chip pour le son authentique<\/li>\n<li>Handcrafted with high-quality parts<\/li>\n<li>True bypass<\/li>\n<\/ul>\n<p><iframe loading=\"lazy\" title=\"Teos Music - Chameleon Overdrive | Pedals in a Nutshell\" width=\"1290\" height=\"726\" src=\"https:\/\/www.youtube.com\/embed\/CjbNyBZY1cY?feature=oembed\" frameborder=\"0\" allow=\"accelerometer; autoplay; clipboard-write; encrypted-media; gyroscope; picture-in-picture; web-share\" referrerpolicy=\"strict-origin-when-cross-origin\" allowfullscreen><\/iframe><\/p>","protected":false},"excerpt":{"rendered":"<p style=\"text-align: left;\">Chameleon Overdrive! La prise de Teos Music sur Ts808. Influenc\u00e9 par le mod Keeley mais allant plus loin. Vaste vari\u00e9t\u00e9 de sons et peut s\u2019adapter \u00e0 n\u2019importe quel p\u00e9dalier comme le cam\u00e9l\u00e9on.<br \/>\nSi vous cherchez une p\u00e9dale de type Tube Screamer mais que vous n\u2019avez pas trouv\u00e9 la bonne, c\u2019est celle-ci!<\/p>","protected":false},"featured_media":460,"template":"","meta":{"_acf_changed":false,"_gspb_post_css":"","iawp_total_views":10},"book-author":[],"product_brand":[],"product_cat":[18],"product_tag":[59,49,78,57],"class_list":{"0":"post-127","1":"product","2":"type-product","3":"status-publish","4":"has-post-thumbnail","6":"product_cat-overdrive","7":"product_tag-ibanez","8":"product_tag-keeley-mod","9":"product_tag-ts808","10":"product_tag-tube-screamer","12":"first","13":"discontinued","14":"shipping-taxable","15":"product-type-simple"},"acf":[],"aioseo_notices":[],"_links":{"self":[{"href":"https:\/\/teosmusic.net\/en\/wp-json\/wp\/v2\/product\/127","targetHints":{"allow":["GET"]}}],"collection":[{"href":"https:\/\/teosmusic.net\/en\/wp-json\/wp\/v2\/product"}],"about":[{"href":"https:\/\/teosmusic.net\/en\/wp-json\/wp\/v2\/types\/product"}],"wp:featuredmedia":[{"embeddable":true,"href":"https:\/\/teosmusic.net\/en\/wp-json\/wp\/v2\/media\/460"}],"wp:attachment":[{"href":"https:\/\/teosmusic.net\/en\/wp-json\/wp\/v2\/media?parent=127"}],"wp:term":[{"taxonomy":"book-author","embeddable":true,"href":"https:\/\/teosmusic.net\/en\/wp-json\/wp\/v2\/book-author?post=127"},{"taxonomy":"product_brand","embeddable":true,"href":"https:\/\/teosmusic.net\/en\/wp-json\/wp\/v2\/product_brand?post=127"},{"taxonomy":"product_cat","embeddable":true,"href":"https:\/\/teosmusic.net\/en\/wp-json\/wp\/v2\/product_cat?post=127"},{"taxonomy":"product_tag","embeddable":true,"href":"https:\/\/teosmusic.net\/en\/wp-json\/wp\/v2\/product_tag?post=127"}],"curies":[{"name":"wp","href":"https:\/\/api.w.org\/{rel}","templated":true}]}}