{"id":163,"date":"2022-04-18T18:04:29","date_gmt":"2022-04-18T18:04:29","guid":{"rendered":"http:\/\/teosmusic.net\/?post_type=product&#038;p=163"},"modified":"2025-02-28T14:43:21","modified_gmt":"2025-02-28T13:43:21","slug":"zen-overdrive","status":"publish","type":"product","link":"https:\/\/teosmusic.net\/en\/product\/zen-overdrive\/","title":{"rendered":"Zen Overdrive"},"content":{"rendered":"<div class=\"ast-oembed-container\" style=\"height: 100%;\"><iframe loading=\"lazy\" title=\"Teos Music - Zen Overdrive | Pedals in a Nutshell\" width=\"500\" height=\"281\" src=\"https:\/\/www.youtube.com\/embed\/kxtC1nfkEhk?feature=oembed\" frameborder=\"0\" allow=\"accelerometer; autoplay; clipboard-write; encrypted-media; gyroscope; picture-in-picture; web-share\" referrerpolicy=\"strict-origin-when-cross-origin\" allowfullscreen><\/iframe><\/div>\n<p>&#8211; Contr\u00f4les: Volume, Gain, Tone, Voice<br \/>\n&#8211; Tr\u00e8s rare AD712\u00a0IC est utilis\u00e9 comme original<br \/>\n&#8211; La diode s\u00e9lectionn\u00e9e \u00e0 la main NOS GE est utilis\u00e9e<br \/>\n- High quality UV Printed enclosure<br \/>\n- Hand build with the very high quality components.<br \/>\n&#8211; True bypass<\/p>","protected":false},"excerpt":{"rendered":"<p>Zen Overdrive Bas\u00e9 sur la l\u00e9gende Hermida Zendrive pas Lovepedal\u00a0\ud83d\ude42 Tr\u00e8s rare, difficile \u00e0 trouver qui recherche les caract\u00e9ristiques de compression et de saturation de Dumble Overdrive Special.<br \/>\nRobben Ford est un utilisateur de cette p\u00e9dale, ce qui n\u2019est pas peu dire puisqu\u2019il tourne r\u00e9guli\u00e8rement avec un Dumble.<\/p>\n<p>&nbsp;<\/p>","protected":false},"featured_media":439,"template":"","meta":{"site-sidebar-layout":"default","site-content-layout":"default","ast-site-content-layout":"default","site-content-style":"default","site-sidebar-style":"default","ast-global-header-display":"","ast-banner-title-visibility":"","ast-main-header-display":"","ast-hfb-above-header-display":"","ast-hfb-below-header-display":"","ast-hfb-mobile-header-display":"","site-post-title":"","ast-breadcrumbs-content":"","ast-featured-img":"","footer-sml-layout":"","ast-disable-related-posts":"","theme-transparent-header-meta":"default","adv-header-id-meta":"","stick-header-meta":"","header-above-stick-meta":"","header-main-stick-meta":"","header-below-stick-meta":"","astra-migrate-meta-layouts":"set","ast-page-background-enabled":"default","ast-page-background-meta":{"desktop":{"background-color":"var(--ast-global-color-4)","background-image":"","background-repeat":"repeat","background-position":"center center","background-size":"auto","background-attachment":"scroll","background-type":"","background-media":"","overlay-type":"","overlay-color":"","overlay-opacity":"","overlay-gradient":""},"tablet":{"background-color":"","background-image":"","background-repeat":"repeat","background-position":"center center","background-size":"auto","background-attachment":"scroll","background-type":"","background-media":"","overlay-type":"","overlay-color":"","overlay-opacity":"","overlay-gradient":""},"mobile":{"background-color":"","background-image":"","background-repeat":"repeat","background-position":"center center","background-size":"auto","background-attachment":"scroll","background-type":"","background-media":"","overlay-type":"","overlay-color":"","overlay-opacity":"","overlay-gradient":""}},"ast-content-background-meta":{"desktop":{"background-color":"var(--ast-global-color-5)","background-image":"","background-repeat":"repeat","background-position":"center center","background-size":"auto","background-attachment":"scroll","background-type":"","background-media":"","overlay-type":"","overlay-color":"","overlay-opacity":"","overlay-gradient":""},"tablet":{"background-color":"var(--ast-global-color-5)","background-image":"","background-repeat":"repeat","background-position":"center center","background-size":"auto","background-attachment":"scroll","background-type":"","background-media":"","overlay-type":"","overlay-color":"","overlay-opacity":"","overlay-gradient":""},"mobile":{"background-color":"var(--ast-global-color-5)","background-image":"","background-repeat":"repeat","background-position":"center center","background-size":"auto","background-attachment":"scroll","background-type":"","background-media":"","overlay-type":"","overlay-color":"","overlay-opacity":"","overlay-gradient":""}},"iawp_total_views":25},"product_brand":[],"product_cat":[18],"product_tag":[42,64,66,65],"class_list":{"0":"post-163","1":"product","2":"type-product","3":"status-publish","4":"has-post-thumbnail","6":"product_cat-overdrive","7":"product_tag-dumble","8":"product_tag-hermida","9":"product_tag-overdrive-special","10":"product_tag-zendrive","11":"desktop-align-left","12":"tablet-align-left","13":"mobile-align-left","15":"first","16":"discontinued","17":"shipping-taxable","18":"product-type-simple"},"aioseo_notices":[],"_links":{"self":[{"href":"https:\/\/teosmusic.net\/en\/wp-json\/wp\/v2\/product\/163","targetHints":{"allow":["GET"]}}],"collection":[{"href":"https:\/\/teosmusic.net\/en\/wp-json\/wp\/v2\/product"}],"about":[{"href":"https:\/\/teosmusic.net\/en\/wp-json\/wp\/v2\/types\/product"}],"wp:featuredmedia":[{"embeddable":true,"href":"https:\/\/teosmusic.net\/en\/wp-json\/wp\/v2\/media\/439"}],"wp:attachment":[{"href":"https:\/\/teosmusic.net\/en\/wp-json\/wp\/v2\/media?parent=163"}],"wp:term":[{"taxonomy":"product_brand","embeddable":true,"href":"https:\/\/teosmusic.net\/en\/wp-json\/wp\/v2\/product_brand?post=163"},{"taxonomy":"product_cat","embeddable":true,"href":"https:\/\/teosmusic.net\/en\/wp-json\/wp\/v2\/product_cat?post=163"},{"taxonomy":"product_tag","embeddable":true,"href":"https:\/\/teosmusic.net\/en\/wp-json\/wp\/v2\/product_tag?post=163"}],"curies":[{"name":"wp","href":"https:\/\/api.w.org\/{rel}","templated":true}]}}