{"id":167,"date":"2022-04-18T18:06:54","date_gmt":"2022-04-18T16:06:54","guid":{"rendered":"http:\/\/teosmusic.net\/?post_type=product&#038;p=167"},"modified":"2025-02-28T15:28:59","modified_gmt":"2025-02-28T14:28:59","slug":"uni-vibe","status":"publish","type":"product","link":"https:\/\/teosmusic.net\/en\/product\/uni-vibe\/","title":{"rendered":"Uni-Vibe MKII"},"content":{"rendered":"<ul>\n<li>Contr\u00f4les: Intensity, Volume Slow, Fast (Speeds)<\/li>\n<li>Commutateur: Chorus\/Vibrate<\/li>\n<li>Conception classique de cellule photo\u00e9lectrique et d&rsquo;ampoule<\/li>\n<li>Chemin du signal audio 100 % analogique<\/li>\n<li>Footswitch pour contr\u00f4ler 2 speed diff\u00e9rentes<\/li>\n<li>Fonctionne avec une alimentation 9v DC<\/li>\n<li>Dimensions: 120mm x 94mm x 33mm<\/li>\n<li>High-Quality UV Printed Enclosure<\/li>\n<li>Fait \u00e0 la main avec des pi\u00e8ces de haute qualit\u00e9.<\/li>\n<li>True bypass<\/li>\n<\/ul>\n<p><iframe loading=\"lazy\" title=\"Teos Music - Univibe MKI | Pedals in a Nutshell\" width=\"1290\" height=\"726\" src=\"https:\/\/www.youtube.com\/embed\/tdev1VpxZ4I?feature=oembed\" frameborder=\"0\" allow=\"accelerometer; autoplay; clipboard-write; encrypted-media; gyroscope; picture-in-picture; web-share\" referrerpolicy=\"strict-origin-when-cross-origin\" allowfullscreen><\/iframe><\/p>\n<p>&nbsp;<\/p>\n<p><iframe loading=\"lazy\" title=\"Univibe MK II Demo - Rock n&#039; Live Festival\" width=\"563\" height=\"1000\" src=\"https:\/\/www.youtube.com\/embed\/UF4PbWdeRqg?feature=oembed\" frameborder=\"0\" allow=\"accelerometer; autoplay; clipboard-write; encrypted-media; gyroscope; picture-in-picture; web-share\" referrerpolicy=\"strict-origin-when-cross-origin\" allowfullscreen><\/iframe><\/p>\n<p>&nbsp;<\/p>\n<p><iframe loading=\"lazy\" title=\"Uni-Vibe &amp; the Rudis Dual OD demo by Thomas L\u00e9on\" width=\"563\" height=\"1000\" src=\"https:\/\/www.youtube.com\/embed\/opjH6kX1Bq8?feature=oembed\" frameborder=\"0\" allow=\"accelerometer; autoplay; clipboard-write; encrypted-media; gyroscope; picture-in-picture; web-share\" referrerpolicy=\"strict-origin-when-cross-origin\" allowfullscreen><\/iframe><\/p>\n<p>&nbsp;<\/p>\n<p><iframe loading=\"lazy\" title=\"Erebor Crunch Drive &amp; Uni-Vibe demo by Thomas L\u00e9on\" width=\"563\" height=\"1000\" src=\"https:\/\/www.youtube.com\/embed\/f3OHZja3u54?feature=oembed\" frameborder=\"0\" allow=\"accelerometer; autoplay; clipboard-write; encrypted-media; gyroscope; picture-in-picture; web-share\" referrerpolicy=\"strict-origin-when-cross-origin\" allowfullscreen><\/iframe><\/p>\n<p>&nbsp;<\/p>\n<p><iframe loading=\"lazy\" title=\"UniVibe &amp; KOT Dual Overdrive demo by Kahani\" width=\"563\" height=\"1000\" src=\"https:\/\/www.youtube.com\/embed\/G3TBU5dU8bE?feature=oembed\" frameborder=\"0\" allow=\"accelerometer; autoplay; clipboard-write; encrypted-media; gyroscope; picture-in-picture; web-share\" referrerpolicy=\"strict-origin-when-cross-origin\" allowfullscreen><\/iframe><\/p>","protected":false},"excerpt":{"rendered":"<p>Uni-Vibe, bas\u00e9 sur la Shin-Ei Uni-Vibe. Si vous recherchez un son univibe classique dans un bo\u00eetier compact, utilisant du 9v dc standard, cette p\u00e9dale est faite pour vous. Pas de chute de volume pour avoir un gain unitaire. Dans la version <strong>MKII<\/strong>, la plage de \u00ab\u00a0Speed\u00a0\u00bb minimale et maximale est augment\u00e9e.<\/p>","protected":false},"featured_media":16461,"template":"","meta":{"_acf_changed":false,"_gspb_post_css":"","iawp_total_views":9},"book-author":[],"product_brand":[],"product_cat":[26],"product_tag":[62,63],"class_list":{"0":"post-167","1":"product","2":"type-product","3":"status-publish","4":"has-post-thumbnail","6":"product_cat-modulation","7":"product_tag-shin-ei","8":"product_tag-univibe","10":"first","11":"discontinued","12":"shipping-taxable","13":"product-type-simple"},"acf":[],"aioseo_notices":[],"_links":{"self":[{"href":"https:\/\/teosmusic.net\/en\/wp-json\/wp\/v2\/product\/167","targetHints":{"allow":["GET"]}}],"collection":[{"href":"https:\/\/teosmusic.net\/en\/wp-json\/wp\/v2\/product"}],"about":[{"href":"https:\/\/teosmusic.net\/en\/wp-json\/wp\/v2\/types\/product"}],"wp:featuredmedia":[{"embeddable":true,"href":"https:\/\/teosmusic.net\/en\/wp-json\/wp\/v2\/media\/16461"}],"wp:attachment":[{"href":"https:\/\/teosmusic.net\/en\/wp-json\/wp\/v2\/media?parent=167"}],"wp:term":[{"taxonomy":"book-author","embeddable":true,"href":"https:\/\/teosmusic.net\/en\/wp-json\/wp\/v2\/book-author?post=167"},{"taxonomy":"product_brand","embeddable":true,"href":"https:\/\/teosmusic.net\/en\/wp-json\/wp\/v2\/product_brand?post=167"},{"taxonomy":"product_cat","embeddable":true,"href":"https:\/\/teosmusic.net\/en\/wp-json\/wp\/v2\/product_cat?post=167"},{"taxonomy":"product_tag","embeddable":true,"href":"https:\/\/teosmusic.net\/en\/wp-json\/wp\/v2\/product_tag?post=167"}],"curies":[{"name":"wp","href":"https:\/\/api.w.org\/{rel}","templated":true}]}}